{"id":51,"date":"2017-05-17T12:24:02","date_gmt":"2017-05-17T18:24:02","guid":{"rendered":"http:\/\/www.civitasviviendas.com\/en\/?page_id=51"},"modified":"2017-05-17T12:35:42","modified_gmt":"2017-05-17T18:35:42","slug":"notice-of-privacy","status":"publish","type":"page","link":"https:\/\/www.civitasviviendas.com\/en\/notice-of-privacy\/","title":{"rendered":"Notice of Privacy"},"content":{"rendered":"<p>[vc_row][vc_column][vc_column_text]<\/p>\n<p style=\"text-align: justify;\"><strong>En t\u00e9rminos de lo previsto en la Ley Federal de Protecci\u00f3n de Datos Personales en Posesi\u00f3n de los Particulares (en lo sucesivo denominada como \u201cla Ley\u201d), te pedimos que leas cuidadosamente los T\u00e9rminos y Condiciones contenidos en este Aviso de Privacidad, ya que la simple aportaci\u00f3n que hagas de tus datos Personales mediante el llenado de formularios o proporcionarlos directamente a personal que opera en esta oficina, sea de manera f\u00edsica o de manera electr\u00f3nica, constituye la aceptaci\u00f3n de estos T\u00e9rminos y Condiciones y en consecuencia nos autorizas expresamente al tratamiento de tus datos personales.<\/strong><\/p>\n<p style=\"text-align: justify;\">Le hacemos de su conocimiento que <strong>DESARROLLADORA SOMISON SOCIEDAD AN\u00d3NIMA PROMOTORA DE INVERSI\u00d3N DE CAPITAL VARIABLE (SOMISON)<\/strong>, con domicilio en: Avenida Nachi Cocom, manzana 28, lote 1, casa 137, Pent House s\u00faper manzana 50, Canc\u00fan, Benito Ju\u00e1rez, Quintana Roo, C.P. 77533; cumplimos cabalmente con las disposiciones vigentes en materia de protecci\u00f3n de datos, por lo que la informaci\u00f3n personal de todos nuestros clientes es tratada de forma estrictamente confidencial, para que tengan plena certeza y seguridad de que al adquirir nuestros bienes y\/o servicios, hacemos un esfuerzo constante para salvaguardarla y protegerla.<\/p>\n<p style=\"text-align: justify;\">Usted podr\u00e1 contactarnos al correo electr\u00f3nico: <a href=\"mailto:flopez@civitasviviendas.com.mx\">flopez@civitasviviendas.com.mx <\/a><\/p>\n<h3><strong>T\u00e9rminos y Condiciones <\/strong><\/h3>\n<p style=\"text-align: justify;\">1. El presente Aviso tiene por objeto la protecci\u00f3n de tus datos personales, mediante su tratamiento leg\u00edtimo, controlado e informado, a efecto de garantizar su privacidad, as\u00ed como tu derecho a la autodeterminaci\u00f3n informativa.<\/p>\n<p style=\"text-align: justify;\">2.- Conforme al art\u00edculo 3, fracci\u00f3n V, de la Ley, se entiende por Datos Personales: Cualquier informaci\u00f3n concerniente a una persona f\u00edsica identificada o identificable.<\/p>\n<p style=\"text-align: justify;\">3.- Desarrolladora Somison S.A.P.I. de C.V. (En lo sucesivo \u201cSOMISON\u201d), con domicilio en Avenida Nachi Cocom, manzana 28, lote 1, casa 137, Pent House s\u00faper manzana 50, Canc\u00fan, Benito Ju\u00e1rez, Quintana Roo, C.P. 77533, de conformidad a lo dispuesto por la fracci\u00f3n I del art\u00edculo 16 de la Ley, ser\u00e1 el Responsable de tu informaci\u00f3n personal (Datos Personales).<\/p>\n<p style=\"text-align: justify;\">4.- SOMISON, tiene como objetivo Asesorarlo en la adquisici\u00f3n de nuestros productos, utiliz\u00e1ndolos en los simuladores de las instituciones de cr\u00e9dito para la obtenci\u00f3n de un cr\u00e9dito de vivienda, verificaci\u00f3n de la identidad del adquiriente de nuestros productos adem\u00e1s de dar cumplimiento con las obligaciones contra\u00eddas con Usted.<\/p>\n<p style=\"text-align: justify;\">Para las finalidades se\u00f1aladas en el presente Aviso de Privacidad recabamos Sus Datos Personales de forma directa cuando Usted mismo nos los proporciona al llenar nuestra hoja de datos generales, cuando visita nuestro sitio de internet, cuando le atendemos v\u00eda telef\u00f3nica o cuando obtenemos informaci\u00f3n a trav\u00e9s de otros medios permitidos por la Ley Federal de Protecci\u00f3n de Datos Personales en Posesi\u00f3n de los Particulares (La Ley) y su Reglamento, entendiendo Usted. que al proporcionarnos los datos mencionados autoriza el uso de los mismos conforme a la presente y reconoce haber le\u00eddo el presente Aviso de Privacidad.<\/p>\n<p style=\"text-align: justify;\">Los datos que obtenemos por estos medios pueden ser, entre otros: Nombre completo, fecha de nacimiento, monto de ingresos, sexo, estado civil, domicilio, escolaridad, lugar de trabajo, referencias familiares, tel\u00e9fono para contactarlo (m\u00f3vil, casa u oficina), RFC, n\u00famero de seguridad social. De igual manera los datos antes se\u00f1alados se podr\u00e1n recabar de manera f\u00edsica por medio de fotocopias o documentos originales.<\/p>\n<p style=\"text-align: justify;\">Le informamos que para cumplir con las finalidades previstas en este Aviso de Privacidad, ser\u00e1n recabados y tratados Datos Personales sensibles, como aquellos que refieren a su nombre completo, el monto de sus ingresos, su n\u00famero de seguridad social o cualquier otro que pudiera considerarse sensible en t\u00e9rminos de la Ley Federal de Protecci\u00f3n de Datos Personales en Posesi\u00f3n de Particulares. Nos comprometemos a que Sus Datos Personales ser\u00e1n tratados bajo las m\u00e1s estrictas medidas de seguridad que garanticen su confidencialidad.<\/p>\n<p style=\"text-align: justify;\">Trat\u00e1ndose de los terceros cuyos datos personales recopilamos a trav\u00e9s de Usted, igualmente tomamos las medidas de seguridad y de confidencialidad para el tratamiento de su informaci\u00f3n, de conformidad con los t\u00e9rminos y condiciones de este Aviso de Privacidad.<\/p>\n<p style=\"text-align: justify;\">5.- Para SOMISON resulta necesario recopilar sus datos personales para llevar a cabo su actividad; asimismo, tenemos la obligaci\u00f3n legal y social de cumplir con las medidas legales y de seguridad suficientes para proteger aquellos datos personales que hayamos recabado para las finalidades que en el presente Aviso de privacidad ser\u00e1n descritas.<\/p>\n<p style=\"text-align: justify;\">Sus Datos Personales ser\u00e1n utilizados para las siguientes finalidades: Representaci\u00f3n, Promoci\u00f3n y Venta de nuestros productos, servicios, asesor\u00eda para la adquisici\u00f3n de nuestros productos, proveer los servicios requeridos por Usted, evaluar la calidad de nuestros productos y servicios y dar cumplimiento de las obligaciones contra\u00eddas con Usted.<\/p>\n<h4><strong>Tus datos personales podr\u00e1n ser utilizados, entre otras, para las siguientes finalidades:<\/strong><\/h4>\n<ul>\n<li>Para la adquisici\u00f3n de bienes o servicios de <strong>SOMISON<\/strong><\/li>\n<li>Para la comercializaci\u00f3n de bienes, productos y\/o servicios.<\/li>\n<li>Investigaci\u00f3n para confirmar la informaci\u00f3n y documentaci\u00f3n requerida y otorgada por el cliente.<\/li>\n<li>Dar cumplimiento a requerimientos legales.<\/li>\n<li>Mantener actualizados nuestros registros para poder responder a sus consultas e invitarle a eventos que tengan relaci\u00f3n con el bien o servicio adquirido por el cliente.<\/li>\n<li>La realizaci\u00f3n de cualquier actividad necesaria para el cumplimiento de nuestra relaci\u00f3n contractual.<\/li>\n<li>Hacer de su conocimiento nuestras promociones y lanzamientos.<\/li>\n<li>Realizar actividades de mercadeo y promoci\u00f3n en general.<\/li>\n<\/ul>\n<p style=\"text-align: justify;\">6.- La temporalidad del manejo de tus Datos Personales ser\u00e1 indefinida a partir de la fecha en que nos los proporciones, pudiendo oponerte al manejo de los mismos en cualquier momento que lo consideres oportuno.<br \/>\nComo titular de datos personales, Usted podr\u00e1 ejercitar los derechos ARCO (acceso, cancelaci\u00f3n, rectificaci\u00f3n y oposici\u00f3n al tratamiento de sus datos personales), dentro de los 5 d\u00edas h\u00e1biles siguientes a que los all\u00e1 proporcionado o bien revocar el consentimiento que usted haya otorgado a SOMISON, a fin de que dejemos de hacer uso de los mismos. Para ello es necesario que presente su petici\u00f3n en <a href=\"mailto:flopez@civitasviviendas.com.mx\">flopez@civitasviviendas.com.mx<\/a> su petici\u00f3n deber\u00e1 ser acompa\u00f1ada de la siguiente informaci\u00f3n:<\/p>\n<p style=\"text-align: justify;\">I.\u2010 Nombre del titular y domicilio u otro medio para comunicarle la respuesta a su solicitud.<\/p>\n<p style=\"text-align: justify;\">II.\u2010 Los documentos que acrediten la identidad o en su caso la representaci\u00f3n legal del titular.<\/p>\n<p style=\"text-align: justify;\">III.\u2010 La descripci\u00f3n clara y precisa de los Datos Personales respecto de los que se solicita ejercer alguno de los derechos ARCO.<\/p>\n<p style=\"text-align: justify;\">IV.\u2010 Cualquier otro elemento que nos facilite la localizaci\u00f3n de Sus Datos Personales.<\/p>\n<p style=\"text-align: justify;\">En un plazo m\u00e1ximo de 7 d\u00edas h\u00e1biles atenderemos su petici\u00f3n y le informaremos sobre su procedencia a trav\u00e9s de la direcci\u00f3n electr\u00f3nica o n\u00famero telef\u00f3nico que Usted nos proporcione.<\/p>\n<p style=\"text-align: justify;\">Salvo los casos del art\u00edculo 34 de la referida Ley, no p oce e el acceso a sus Datos Personales o su rectificaci\u00f3n o cancelaci\u00f3n o su oposici\u00f3n a su tratamiento en los siguientes supuestos:<\/p>\n<p style=\"text-align: justify;\">I. Cuando el solicitante no sea el titular de los os e son les o el ep esen n e le l no es e i en e c e i o p ello<\/p>\n<p style=\"text-align: justify;\">II. Cuando en su base de datos no se encuentren los Datos Personales del solicitante.<\/p>\n<p style=\"text-align: justify;\">III. Cuando se lesionen los derechos de un tercero.<\/p>\n<p style=\"text-align: justify;\">IV. Cuando exista un impedimento legal o medie resoluci\u00f3n de una autoridad competente que restrinja el acceso a sus Datos Personales o no permita su rectificaci\u00f3n, cancelaci\u00f3n u oposici\u00f3n.<\/p>\n<p>V. Cuando la rectificaci\u00f3n, cancelaci\u00f3n u oposici\u00f3n haya sido previamente realizada.<\/p>\n<p style=\"text-align: justify;\">La negativa a que se refiere este art\u00edculo po se p ci l en cu o c so se e ec u el cceso, rectificaci\u00f3n, cancelaci\u00f3n u oposici\u00f3n requerida por el titular.<\/p>\n<p style=\"text-align: justify;\">En o os los c sos n e io es, se in o el o ivo e l decisi\u00f3n y se comunic l i ul o en su caso al representante legal en los plazos establecidos para tal efecto, por el mismo medio por el que se llev a cabo la solicitud acompa\u00f1ando en su caso, las pruebas que resulten pertinentes.<\/p>\n<p>7.- SOMSION como responsable del tratamiento de tus datos personales, est\u00e1 obligada a cumplir con los principios de licitud, consentimiento, informaci\u00f3n, calidad, finalidad, lealtad, proporcionalidad y responsabilidad tutelados en la Ley; por tal motivo con fundamento en los art\u00edculos 13 y 14 de la Ley, SOMISON se compromete a guardar estricta confidencialidad de tus datos personales, as\u00ed como a mantener las medidas de seguridad administrativas, t\u00e9cnicas y f\u00edsicas que permitan protegerlos contra cualquier da\u00f1o, p\u00e9rdida, alteraci\u00f3n, acceso o tratamiento no autorizado.<\/p>\n<p style=\"text-align: justify;\">8.- Nos comprometemos a no transferir su informaci\u00f3n personal a terceros sin su consentimiento, salvo las excepciones previstas en el art\u00edculo 37 de la Ley Federal de Protecci\u00f3n de Datos Personales en Posesi\u00f3n de Particulares, s como realizar esa transferencia en los t\u00e9rminos que fija esa Ley.<\/p>\n<p style=\"text-align: justify;\">9.- SOMISON se reserva el derecho de efectuar en cualquier momento modificaciones o actualizaciones al presente Aviso de Privacidad, para la atenci\u00f3n de novedades legislativas, pol\u00edticas internas o nuevos requerimientos para la prestaci\u00f3n u ofrecimiento de nuestros productos.<\/p>\n<p style=\"text-align: justify;\">Esas modificaciones estar\u00e1n disponibles al p\u00fablico a trav\u00e9s de los siguientes medios:<\/p>\n<p style=\"text-align: justify;\">i) anuncios visibles en nuestros establecimientos o centros de atenci\u00f3n a clientes y ventas.<br \/>\nii) tr\u00edpticos, folletos disponibles en nuestros establecimientos o centros de atenci\u00f3n y ventas.<br \/>\niii) en nuestra p\u00e1gina de internet (secci\u00f3n Aviso de Privacidad)<br \/>\niv) se las haremos llegar al \u00faltimo correo electr\u00f3nico que nos haya proporcionado.<\/p>\n<p style=\"text-align: justify;\">10.- Las cookies son archivos de texto que son descargados autom\u00e1ticamente y almacenados en el disco duro del equipo de c\u00f3mputo del usuario al navegar en una p\u00e1gina de internet espec\u00edfica, que permiten recordar al servidor de internet algunos datos sobre este usuario, entre ellas sus preferencias para la visualizaci\u00f3n de las p\u00e1ginas en ese servidor, nombre y contrase\u00f1a.<\/p>\n<p style=\"text-align: justify;\">Por su parte, las web beacons son im\u00e1genes insertadas en una p\u00e1gina de internet o correo electr\u00f3nico, que puede ser utilizado para monitorear el comportamiento de un visitante, como almacenar informaci\u00f3n sobre la direcci\u00f3n IP del usuario, duraci\u00f3n del tiempo de interacci\u00f3n en dicha p\u00e1gina y el tipo de navegador utilizado, entre otros.<br \/>\nLe informamos que no utilizamos cookies y web beacons para obtener informaci\u00f3n personal de Usted.<\/p>\n<p style=\"text-align: justify;\">Si Usted considera que su derecho de protecci\u00f3n de Datos Personales ha sido lesionado por alguna conducta de nuestros empleados o de nuestras actuaciones o respuestas o presume que en el tratamiento de sus Datos Personales existe alguna violaci\u00f3n a las disposiciones previstas por la Ley Federal de Protecci\u00f3n de Datos Personales en Posesi\u00f3n de Particulares po interponer la queja o denuncia correspondiente ante el Instituto Federal de Acceso a la Informacion. Para mayor informaci\u00f3n visite <a href=\"http:\/\/www.ifai.org.mx\" target=\"_blank\">www.ifai.org.mx<\/a><\/p>\n<p>[\/vc_column_text][\/vc_column][\/vc_row]<\/p>\n","protected":false},"excerpt":{"rendered":"<p>[vc_row][vc_column][vc_column_text] En t\u00e9rminos de lo previsto en la Ley Federal de Protecci\u00f3n de Datos Personales en Posesi\u00f3n de los Particulares (en lo sucesivo denominada como \u201cla Ley\u201d), te pedimos que &#8230;<\/p>\n","protected":false},"author":1,"featured_media":0,"parent":0,"menu_order":0,"comment_status":"closed","ping_status":"closed","template":"template-fullwidth.php","meta":[],"yoast_head":"<!-- This site is optimized with the Yoast SEO plugin v14.1 - https:\/\/yoast.com\/wordpress\/plugins\/seo\/ -->\r\n<title>Notice of Privacy -<\/title>\r\n<meta name=\"robots\" content=\"index, follow\" \/>\r\n<meta name=\"googlebot\" content=\"index, follow, max-snippet:-1, max-image-preview:large, max-video-preview:-1\" \/>\r\n<meta name=\"bingbot\" content=\"index, follow, max-snippet:-1, max-image-preview:large, max-video-preview:-1\" \/>\r\n<link rel=\"canonical\" href=\"https:\/\/www.civitasviviendas.com\/en\/notice-of-privacy\/\" \/>\r\n<meta property=\"og:locale\" content=\"es_MX\" \/>\r\n<meta property=\"og:type\" content=\"article\" \/>\r\n<meta property=\"og:title\" content=\"Notice of Privacy -\" \/>\r\n<meta property=\"og:description\" content=\"[vc_row][vc_column][vc_column_text] En t\u00e9rminos de lo previsto en la Ley Federal de Protecci\u00f3n de Datos Personales en Posesi\u00f3n de los Particulares (en lo sucesivo denominada como \u201cla Ley\u201d), te pedimos que ...\" \/>\r\n<meta property=\"og:url\" content=\"https:\/\/www.civitasviviendas.com\/en\/notice-of-privacy\/\" \/>\r\n<meta property=\"article:modified_time\" content=\"2017-05-17T18:35:42+00:00\" \/>\r\n<meta name=\"twitter:card\" content=\"summary\" \/>\r\n<script type=\"application\/ld+json\" class=\"yoast-schema-graph\">{\"@context\":\"https:\/\/schema.org\",\"@graph\":[{\"@type\":\"WebSite\",\"@id\":\"https:\/\/www.civitasviviendas.com\/en\/#website\",\"url\":\"https:\/\/www.civitasviviendas.com\/en\/\",\"name\":\"\",\"description\":\"\",\"potentialAction\":[{\"@type\":\"SearchAction\",\"target\":\"https:\/\/www.civitasviviendas.com\/en\/?s={search_term_string}\",\"query-input\":\"required name=search_term_string\"}],\"inLanguage\":\"es-MX\"},{\"@type\":\"WebPage\",\"@id\":\"https:\/\/www.civitasviviendas.com\/en\/notice-of-privacy\/#webpage\",\"url\":\"https:\/\/www.civitasviviendas.com\/en\/notice-of-privacy\/\",\"name\":\"Notice of Privacy -\",\"isPartOf\":{\"@id\":\"https:\/\/www.civitasviviendas.com\/en\/#website\"},\"datePublished\":\"2017-05-17T18:24:02+00:00\",\"dateModified\":\"2017-05-17T18:35:42+00:00\",\"inLanguage\":\"es-MX\",\"potentialAction\":[{\"@type\":\"ReadAction\",\"target\":[\"https:\/\/www.civitasviviendas.com\/en\/notice-of-privacy\/\"]}]}]}<\/script>\r\n<!-- \/ Yoast SEO plugin. -->","_links":{"self":[{"href":"https:\/\/www.civitasviviendas.com\/en\/wp-json\/wp\/v2\/pages\/51"}],"collection":[{"href":"https:\/\/www.civitasviviendas.com\/en\/wp-json\/wp\/v2\/pages"}],"about":[{"href":"https:\/\/www.civitasviviendas.com\/en\/wp-json\/wp\/v2\/types\/page"}],"author":[{"embeddable":true,"href":"https:\/\/www.civitasviviendas.com\/en\/wp-json\/wp\/v2\/users\/1"}],"replies":[{"embeddable":true,"href":"https:\/\/www.civitasviviendas.com\/en\/wp-json\/wp\/v2\/comments?post=51"}],"version-history":[{"count":1,"href":"https:\/\/www.civitasviviendas.com\/en\/wp-json\/wp\/v2\/pages\/51\/revisions"}],"predecessor-version":[{"id":52,"href":"https:\/\/www.civitasviviendas.com\/en\/wp-json\/wp\/v2\/pages\/51\/revisions\/52"}],"wp:attachment":[{"href":"https:\/\/www.civitasviviendas.com\/en\/wp-json\/wp\/v2\/media?parent=51"}],"curies":[{"name":"wp","href":"https:\/\/api.w.org\/{rel}","templated":true}]}}